{"id":6632,"date":"2023-03-14T15:47:52","date_gmt":"2023-03-14T15:47:52","guid":{"rendered":"https:\/\/lesdouceursdesuzanne.com\/?page_id=6632"},"modified":"2023-04-06T11:07:16","modified_gmt":"2023-04-06T11:07:16","slug":"accueil-les-douceurs-de-suzanne","status":"publish","type":"page","link":"http:\/\/lesdouceursdesuzanne.com\/en\/","title":{"rendered":"Accueil | Les Douceurs de Suzanne"},"content":{"rendered":"","protected":false},"excerpt":{"rendered":"","protected":false},"author":1,"featured_media":0,"parent":0,"menu_order":0,"comment_status":"closed","ping_status":"closed","template":"","meta":{"_joinchat":[],"footnotes":""},"class_list":["post-6632","page","type-page","status-publish","hentry"],"yoast_head":"<!-- This site is optimized with the Yoast SEO plugin v20.1 - https:\/\/yoast.com\/wordpress\/plugins\/seo\/ -->\n<title>Accueil | Les Douceurs de Suzanne<\/title>\n<meta name=\"description\" content=\"Bienvenue sur le site de Les Douceurs de Suzannes - une organisation de chocolat et de bienfaisance d\u00e9di\u00e9e \u00e0 offrir des d\u00e9lices chocolat\u00e9s artisanaux, 100% fabriqu\u00e9s en C\u00f4te d&#039;Ivoire.\" \/>\n<meta name=\"robots\" content=\"index, follow, max-snippet:-1, max-image-preview:large, max-video-preview:-1\" \/>\n<link rel=\"canonical\" href=\"http:\/\/lesdouceursdesuzanne.com\/en\/\" \/>\n<meta property=\"og:locale\" content=\"en_US\" \/>\n<meta property=\"og:type\" content=\"article\" \/>\n<meta property=\"og:title\" content=\"Les Douceurs de Suzanne\" \/>\n<meta property=\"og:description\" content=\"Des d\u00e9lices chocolat\u00e9s artisanaux pour un meilleur avenir\" \/>\n<meta property=\"og:url\" content=\"http:\/\/lesdouceursdesuzanne.com\/en\/\" \/>\n<meta property=\"og:site_name\" content=\"Les Douceurs de Suzanne\" \/>\n<meta property=\"article:publisher\" content=\"https:\/\/www.facebook.com\/lesdouceursdesuzanne\/?locale=fr_FR\" \/>\n<meta property=\"article:modified_time\" content=\"2023-04-06T11:07:16+00:00\" \/>\n<meta property=\"og:image\" content=\"http:\/\/lesdouceursdesuzanne.com\/wp-content\/uploads\/2023\/01\/Asset-1@2x.png\" \/>\n\t<meta property=\"og:image:width\" content=\"577\" \/>\n\t<meta property=\"og:image:height\" content=\"577\" \/>\n\t<meta property=\"og:image:type\" content=\"image\/png\" \/>\n<meta name=\"twitter:card\" content=\"summary_large_image\" \/>\n<meta name=\"twitter:title\" content=\"Les Douceurs de Suzanne\" \/>\n<meta name=\"twitter:description\" content=\"Des d\u00e9lices chocolat\u00e9s artisanaux pour un meilleur avenir\" \/>\n<meta name=\"twitter:image\" content=\"http:\/\/lesdouceursdesuzanne.com\/wp-content\/uploads\/2023\/01\/Asset-1@2x.png\" \/>\n<meta name=\"twitter:site\" content=\"@douceur_suzanne\" \/>\n<script type=\"application\/ld+json\" class=\"yoast-schema-graph\">{\"@context\":\"https:\/\/schema.org\",\"@graph\":[{\"@type\":\"WebPage\",\"@id\":\"http:\/\/lesdouceursdesuzanne.com\/en\/\",\"url\":\"http:\/\/lesdouceursdesuzanne.com\/en\/\",\"name\":\"Accueil | Les Douceurs de Suzanne\",\"isPartOf\":{\"@id\":\"https:\/\/lesdouceursdesuzanne.com\/#website\"},\"datePublished\":\"2023-03-14T15:47:52+00:00\",\"dateModified\":\"2023-04-06T11:07:16+00:00\",\"description\":\"Bienvenue sur le site de Les Douceurs de Suzannes - une organisation de chocolat et de bienfaisance d\u00e9di\u00e9e \u00e0 offrir des d\u00e9lices chocolat\u00e9s artisanaux, 100% fabriqu\u00e9s en C\u00f4te d'Ivoire.\",\"breadcrumb\":{\"@id\":\"http:\/\/lesdouceursdesuzanne.com\/en\/#breadcrumb\"},\"inLanguage\":\"en-US\",\"potentialAction\":[{\"@type\":\"ReadAction\",\"target\":[\"http:\/\/lesdouceursdesuzanne.com\/en\/\"]}]},{\"@type\":\"BreadcrumbList\",\"@id\":\"http:\/\/lesdouceursdesuzanne.com\/en\/#breadcrumb\",\"itemListElement\":[{\"@type\":\"ListItem\",\"position\":1,\"name\":\"Home\",\"item\":\"http:\/\/lesdouceursdesuzanne.com\/en\/\"},{\"@type\":\"ListItem\",\"position\":2,\"name\":\"Accueil | Les Douceurs de Suzanne\"}]},{\"@type\":\"WebSite\",\"@id\":\"https:\/\/lesdouceursdesuzanne.com\/#website\",\"url\":\"https:\/\/lesdouceursdesuzanne.com\/\",\"name\":\"Les Douceurs de Suzanne\",\"description\":\"Des d\u00e9lices chocolat\u00e9s artisanaux pour un meilleur avenir\",\"publisher\":{\"@id\":\"https:\/\/lesdouceursdesuzanne.com\/#organization\"},\"potentialAction\":[{\"@type\":\"SearchAction\",\"target\":{\"@type\":\"EntryPoint\",\"urlTemplate\":\"https:\/\/lesdouceursdesuzanne.com\/?s={search_term_string}\"},\"query-input\":\"required name=search_term_string\"}],\"inLanguage\":\"en-US\"},{\"@type\":\"Organization\",\"@id\":\"https:\/\/lesdouceursdesuzanne.com\/#organization\",\"name\":\"Les Douceurs de Suzanne\",\"url\":\"https:\/\/lesdouceursdesuzanne.com\/\",\"logo\":{\"@type\":\"ImageObject\",\"inLanguage\":\"en-US\",\"@id\":\"https:\/\/lesdouceursdesuzanne.com\/#\/schema\/logo\/image\/\",\"url\":\"http:\/\/lesdouceursdesuzanne.com\/wp-content\/uploads\/2023\/01\/Asset-1@2x.png\",\"contentUrl\":\"http:\/\/lesdouceursdesuzanne.com\/wp-content\/uploads\/2023\/01\/Asset-1@2x.png\",\"width\":577,\"height\":577,\"caption\":\"Les Douceurs de Suzanne\"},\"image\":{\"@id\":\"https:\/\/lesdouceursdesuzanne.com\/#\/schema\/logo\/image\/\"},\"sameAs\":[\"https:\/\/www.facebook.com\/lesdouceursdesuzanne\/?locale=fr_FR\",\"https:\/\/twitter.com\/douceur_suzanne\",\"https:\/\/www.linkedin.com\/company\/douceurs-de-suzanne\/\",\"https:\/\/www.instagram.com\/douceur_suzanne\/?hl=en\"]}]}<\/script>\n<!-- \/ Yoast SEO plugin. -->","yoast_head_json":{"title":"Accueil | Les Douceurs de Suzanne","description":"Bienvenue sur le site de Les Douceurs de Suzannes - une organisation de chocolat et de bienfaisance d\u00e9di\u00e9e \u00e0 offrir des d\u00e9lices chocolat\u00e9s artisanaux, 100% fabriqu\u00e9s en C\u00f4te d'Ivoire.","robots":{"index":"index","follow":"follow","max-snippet":"max-snippet:-1","max-image-preview":"max-image-preview:large","max-video-preview":"max-video-preview:-1"},"canonical":"http:\/\/lesdouceursdesuzanne.com\/en\/","og_locale":"en_US","og_type":"article","og_title":"Les Douceurs de Suzanne","og_description":"Des d\u00e9lices chocolat\u00e9s artisanaux pour un meilleur avenir","og_url":"http:\/\/lesdouceursdesuzanne.com\/en\/","og_site_name":"Les Douceurs de Suzanne","article_publisher":"https:\/\/www.facebook.com\/lesdouceursdesuzanne\/?locale=fr_FR","article_modified_time":"2023-04-06T11:07:16+00:00","og_image":[{"width":577,"height":577,"url":"http:\/\/lesdouceursdesuzanne.com\/wp-content\/uploads\/2023\/01\/Asset-1@2x.png","type":"image\/png"}],"twitter_card":"summary_large_image","twitter_title":"Les Douceurs de Suzanne","twitter_description":"Des d\u00e9lices chocolat\u00e9s artisanaux pour un meilleur avenir","twitter_image":"http:\/\/lesdouceursdesuzanne.com\/wp-content\/uploads\/2023\/01\/Asset-1@2x.png","twitter_site":"@douceur_suzanne","schema":{"@context":"https:\/\/schema.org","@graph":[{"@type":"WebPage","@id":"http:\/\/lesdouceursdesuzanne.com\/en\/","url":"http:\/\/lesdouceursdesuzanne.com\/en\/","name":"Accueil | Les Douceurs de Suzanne","isPartOf":{"@id":"https:\/\/lesdouceursdesuzanne.com\/#website"},"datePublished":"2023-03-14T15:47:52+00:00","dateModified":"2023-04-06T11:07:16+00:00","description":"Bienvenue sur le site de Les Douceurs de Suzannes - une organisation de chocolat et de bienfaisance d\u00e9di\u00e9e \u00e0 offrir des d\u00e9lices chocolat\u00e9s artisanaux, 100% fabriqu\u00e9s en C\u00f4te d'Ivoire.","breadcrumb":{"@id":"http:\/\/lesdouceursdesuzanne.com\/en\/#breadcrumb"},"inLanguage":"en-US","potentialAction":[{"@type":"ReadAction","target":["http:\/\/lesdouceursdesuzanne.com\/en\/"]}]},{"@type":"BreadcrumbList","@id":"http:\/\/lesdouceursdesuzanne.com\/en\/#breadcrumb","itemListElement":[{"@type":"ListItem","position":1,"name":"Home","item":"http:\/\/lesdouceursdesuzanne.com\/en\/"},{"@type":"ListItem","position":2,"name":"Accueil | Les Douceurs de Suzanne"}]},{"@type":"WebSite","@id":"https:\/\/lesdouceursdesuzanne.com\/#website","url":"https:\/\/lesdouceursdesuzanne.com\/","name":"Les Douceurs de Suzanne","description":"Des d\u00e9lices chocolat\u00e9s artisanaux pour un meilleur avenir","publisher":{"@id":"https:\/\/lesdouceursdesuzanne.com\/#organization"},"potentialAction":[{"@type":"SearchAction","target":{"@type":"EntryPoint","urlTemplate":"https:\/\/lesdouceursdesuzanne.com\/?s={search_term_string}"},"query-input":"required name=search_term_string"}],"inLanguage":"en-US"},{"@type":"Organization","@id":"https:\/\/lesdouceursdesuzanne.com\/#organization","name":"Les Douceurs de Suzanne","url":"https:\/\/lesdouceursdesuzanne.com\/","logo":{"@type":"ImageObject","inLanguage":"en-US","@id":"https:\/\/lesdouceursdesuzanne.com\/#\/schema\/logo\/image\/","url":"http:\/\/lesdouceursdesuzanne.com\/wp-content\/uploads\/2023\/01\/Asset-1@2x.png","contentUrl":"http:\/\/lesdouceursdesuzanne.com\/wp-content\/uploads\/2023\/01\/Asset-1@2x.png","width":577,"height":577,"caption":"Les Douceurs de Suzanne"},"image":{"@id":"https:\/\/lesdouceursdesuzanne.com\/#\/schema\/logo\/image\/"},"sameAs":["https:\/\/www.facebook.com\/lesdouceursdesuzanne\/?locale=fr_FR","https:\/\/twitter.com\/douceur_suzanne","https:\/\/www.linkedin.com\/company\/douceurs-de-suzanne\/","https:\/\/www.instagram.com\/douceur_suzanne\/?hl=en"]}]}},"_links":{"self":[{"href":"http:\/\/lesdouceursdesuzanne.com\/en\/wp-json\/wp\/v2\/pages\/6632","targetHints":{"allow":["GET"]}}],"collection":[{"href":"http:\/\/lesdouceursdesuzanne.com\/en\/wp-json\/wp\/v2\/pages"}],"about":[{"href":"http:\/\/lesdouceursdesuzanne.com\/en\/wp-json\/wp\/v2\/types\/page"}],"author":[{"embeddable":true,"href":"http:\/\/lesdouceursdesuzanne.com\/en\/wp-json\/wp\/v2\/users\/1"}],"replies":[{"embeddable":true,"href":"http:\/\/lesdouceursdesuzanne.com\/en\/wp-json\/wp\/v2\/comments?post=6632"}],"version-history":[{"count":10,"href":"http:\/\/lesdouceursdesuzanne.com\/en\/wp-json\/wp\/v2\/pages\/6632\/revisions"}],"predecessor-version":[{"id":6661,"href":"http:\/\/lesdouceursdesuzanne.com\/en\/wp-json\/wp\/v2\/pages\/6632\/revisions\/6661"}],"wp:attachment":[{"href":"http:\/\/lesdouceursdesuzanne.com\/en\/wp-json\/wp\/v2\/media?parent=6632"}],"curies":[{"name":"wp","href":"https:\/\/api.w.org\/{rel}","templated":true}]}}