{"id":5959,"date":"2015-10-09T06:09:56","date_gmt":"2015-10-09T06:09:56","guid":{"rendered":"http:\/\/demo.goodlayers.com\/greennature\/?page_id=5959"},"modified":"2023-04-05T17:57:52","modified_gmt":"2023-04-05T17:57:52","slug":"donner","status":"publish","type":"page","link":"http:\/\/lesdouceursdesuzanne.com\/en\/donner\/","title":{"rendered":"Donner | Les Douceurs de Suzanne"},"content":{"rendered":"","protected":false},"excerpt":{"rendered":"","protected":false},"author":1,"featured_media":0,"parent":0,"menu_order":0,"comment_status":"closed","ping_status":"closed","template":"","meta":{"_joinchat":[],"footnotes":""},"class_list":["post-5959","page","type-page","status-publish","hentry"],"yoast_head":"<!-- This site is optimized with the Yoast SEO plugin v20.1 - https:\/\/yoast.com\/wordpress\/plugins\/seo\/ -->\n<title>Donner | Les Douceurs de Suzanne<\/title>\n<meta name=\"description\" content=\"Notre page de dons est d\u00e9di\u00e9e \u00e0 soutenir le d\u00e9veloppement et l&#039;\u00e9ducation de la communaut\u00e9 ivoirienne. Chez Les Douceurs de Suzannes, nous croyons en l&#039;importance de redonner \u00e0 notre communaut\u00e9 et de contribuer \u00e0 des projets caritatifs qui ont un impact positif.\" \/>\n<meta name=\"robots\" content=\"index, follow, max-snippet:-1, max-image-preview:large, max-video-preview:-1\" \/>\n<link rel=\"canonical\" href=\"http:\/\/lesdouceursdesuzanne.com\/en\/donner\/\" \/>\n<meta property=\"og:locale\" content=\"en_US\" \/>\n<meta property=\"og:type\" content=\"article\" \/>\n<meta property=\"og:title\" content=\"Donner | Les Douceurs de Suzanne\" \/>\n<meta property=\"og:url\" content=\"http:\/\/lesdouceursdesuzanne.com\/en\/donner\/\" \/>\n<meta property=\"og:site_name\" content=\"Les Douceurs de Suzanne\" \/>\n<meta property=\"article:publisher\" content=\"https:\/\/www.facebook.com\/lesdouceursdesuzanne\/?locale=fr_FR\" \/>\n<meta property=\"article:modified_time\" content=\"2023-04-05T17:57:52+00:00\" \/>\n<meta property=\"og:image\" content=\"https:\/\/lesdouceursdesuzanne.com\/wp-content\/uploads\/2023\/01\/Asset-1@2x.png\" \/>\n\t<meta property=\"og:image:width\" content=\"577\" \/>\n\t<meta property=\"og:image:height\" content=\"577\" \/>\n\t<meta property=\"og:image:type\" content=\"image\/png\" \/>\n<meta name=\"twitter:card\" content=\"summary_large_image\" \/>\n<meta name=\"twitter:title\" content=\"Donner | Les Douceurs de Suzanne\" \/>\n<meta name=\"twitter:image\" content=\"http:\/\/lesdouceursdesuzanne.com\/wp-content\/uploads\/2023\/01\/Asset-1@2x.png\" \/>\n<meta name=\"twitter:site\" content=\"@douceur_suzanne\" \/>\n<script type=\"application\/ld+json\" class=\"yoast-schema-graph\">{\"@context\":\"https:\/\/schema.org\",\"@graph\":[{\"@type\":\"WebPage\",\"@id\":\"https:\/\/lesdouceursdesuzanne.com\/donner\/\",\"url\":\"https:\/\/lesdouceursdesuzanne.com\/donner\/\",\"name\":\"Donner | Les Douceurs de Suzanne\",\"isPartOf\":{\"@id\":\"https:\/\/lesdouceursdesuzanne.com\/#website\"},\"datePublished\":\"2015-10-09T06:09:56+00:00\",\"dateModified\":\"2023-04-05T17:57:52+00:00\",\"description\":\"Notre page de dons est d\u00e9di\u00e9e \u00e0 soutenir le d\u00e9veloppement et l'\u00e9ducation de la communaut\u00e9 ivoirienne. Chez Les Douceurs de Suzannes, nous croyons en l'importance de redonner \u00e0 notre communaut\u00e9 et de contribuer \u00e0 des projets caritatifs qui ont un impact positif.\",\"breadcrumb\":{\"@id\":\"https:\/\/lesdouceursdesuzanne.com\/donner\/#breadcrumb\"},\"inLanguage\":\"en-US\",\"potentialAction\":[{\"@type\":\"ReadAction\",\"target\":[\"https:\/\/lesdouceursdesuzanne.com\/donner\/\"]}]},{\"@type\":\"BreadcrumbList\",\"@id\":\"https:\/\/lesdouceursdesuzanne.com\/donner\/#breadcrumb\",\"itemListElement\":[{\"@type\":\"ListItem\",\"position\":1,\"name\":\"Home\",\"item\":\"http:\/\/lesdouceursdesuzanne.com\/en\/\"},{\"@type\":\"ListItem\",\"position\":2,\"name\":\"Donner | Les Douceurs de Suzanne\"}]},{\"@type\":\"WebSite\",\"@id\":\"https:\/\/lesdouceursdesuzanne.com\/#website\",\"url\":\"https:\/\/lesdouceursdesuzanne.com\/\",\"name\":\"Les Douceurs de Suzanne\",\"description\":\"Des d\u00e9lices chocolat\u00e9s artisanaux pour un meilleur avenir\",\"publisher\":{\"@id\":\"https:\/\/lesdouceursdesuzanne.com\/#organization\"},\"potentialAction\":[{\"@type\":\"SearchAction\",\"target\":{\"@type\":\"EntryPoint\",\"urlTemplate\":\"https:\/\/lesdouceursdesuzanne.com\/?s={search_term_string}\"},\"query-input\":\"required name=search_term_string\"}],\"inLanguage\":\"en-US\"},{\"@type\":\"Organization\",\"@id\":\"https:\/\/lesdouceursdesuzanne.com\/#organization\",\"name\":\"Les Douceurs de Suzanne\",\"url\":\"https:\/\/lesdouceursdesuzanne.com\/\",\"logo\":{\"@type\":\"ImageObject\",\"inLanguage\":\"en-US\",\"@id\":\"https:\/\/lesdouceursdesuzanne.com\/#\/schema\/logo\/image\/\",\"url\":\"http:\/\/lesdouceursdesuzanne.com\/wp-content\/uploads\/2023\/01\/Asset-1@2x.png\",\"contentUrl\":\"http:\/\/lesdouceursdesuzanne.com\/wp-content\/uploads\/2023\/01\/Asset-1@2x.png\",\"width\":577,\"height\":577,\"caption\":\"Les Douceurs de Suzanne\"},\"image\":{\"@id\":\"https:\/\/lesdouceursdesuzanne.com\/#\/schema\/logo\/image\/\"},\"sameAs\":[\"https:\/\/www.facebook.com\/lesdouceursdesuzanne\/?locale=fr_FR\",\"https:\/\/twitter.com\/douceur_suzanne\",\"https:\/\/www.linkedin.com\/company\/douceurs-de-suzanne\/\",\"https:\/\/www.instagram.com\/douceur_suzanne\/?hl=en\"]}]}<\/script>\n<!-- \/ Yoast SEO plugin. -->","yoast_head_json":{"title":"Donner | Les Douceurs de Suzanne","description":"Notre page de dons est d\u00e9di\u00e9e \u00e0 soutenir le d\u00e9veloppement et l'\u00e9ducation de la communaut\u00e9 ivoirienne. Chez Les Douceurs de Suzannes, nous croyons en l'importance de redonner \u00e0 notre communaut\u00e9 et de contribuer \u00e0 des projets caritatifs qui ont un impact positif.","robots":{"index":"index","follow":"follow","max-snippet":"max-snippet:-1","max-image-preview":"max-image-preview:large","max-video-preview":"max-video-preview:-1"},"canonical":"http:\/\/lesdouceursdesuzanne.com\/en\/donner\/","og_locale":"en_US","og_type":"article","og_title":"Donner | Les Douceurs de Suzanne","og_url":"http:\/\/lesdouceursdesuzanne.com\/en\/donner\/","og_site_name":"Les Douceurs de Suzanne","article_publisher":"https:\/\/www.facebook.com\/lesdouceursdesuzanne\/?locale=fr_FR","article_modified_time":"2023-04-05T17:57:52+00:00","og_image":[{"width":577,"height":577,"url":"https:\/\/lesdouceursdesuzanne.com\/wp-content\/uploads\/2023\/01\/Asset-1@2x.png","type":"image\/png"}],"twitter_card":"summary_large_image","twitter_title":"Donner | Les Douceurs de Suzanne","twitter_image":"http:\/\/lesdouceursdesuzanne.com\/wp-content\/uploads\/2023\/01\/Asset-1@2x.png","twitter_site":"@douceur_suzanne","schema":{"@context":"https:\/\/schema.org","@graph":[{"@type":"WebPage","@id":"https:\/\/lesdouceursdesuzanne.com\/donner\/","url":"https:\/\/lesdouceursdesuzanne.com\/donner\/","name":"Donner | Les Douceurs de Suzanne","isPartOf":{"@id":"https:\/\/lesdouceursdesuzanne.com\/#website"},"datePublished":"2015-10-09T06:09:56+00:00","dateModified":"2023-04-05T17:57:52+00:00","description":"Notre page de dons est d\u00e9di\u00e9e \u00e0 soutenir le d\u00e9veloppement et l'\u00e9ducation de la communaut\u00e9 ivoirienne. Chez Les Douceurs de Suzannes, nous croyons en l'importance de redonner \u00e0 notre communaut\u00e9 et de contribuer \u00e0 des projets caritatifs qui ont un impact positif.","breadcrumb":{"@id":"https:\/\/lesdouceursdesuzanne.com\/donner\/#breadcrumb"},"inLanguage":"en-US","potentialAction":[{"@type":"ReadAction","target":["https:\/\/lesdouceursdesuzanne.com\/donner\/"]}]},{"@type":"BreadcrumbList","@id":"https:\/\/lesdouceursdesuzanne.com\/donner\/#breadcrumb","itemListElement":[{"@type":"ListItem","position":1,"name":"Home","item":"http:\/\/lesdouceursdesuzanne.com\/en\/"},{"@type":"ListItem","position":2,"name":"Donner | Les Douceurs de Suzanne"}]},{"@type":"WebSite","@id":"https:\/\/lesdouceursdesuzanne.com\/#website","url":"https:\/\/lesdouceursdesuzanne.com\/","name":"Les Douceurs de Suzanne","description":"Des d\u00e9lices chocolat\u00e9s artisanaux pour un meilleur avenir","publisher":{"@id":"https:\/\/lesdouceursdesuzanne.com\/#organization"},"potentialAction":[{"@type":"SearchAction","target":{"@type":"EntryPoint","urlTemplate":"https:\/\/lesdouceursdesuzanne.com\/?s={search_term_string}"},"query-input":"required name=search_term_string"}],"inLanguage":"en-US"},{"@type":"Organization","@id":"https:\/\/lesdouceursdesuzanne.com\/#organization","name":"Les Douceurs de Suzanne","url":"https:\/\/lesdouceursdesuzanne.com\/","logo":{"@type":"ImageObject","inLanguage":"en-US","@id":"https:\/\/lesdouceursdesuzanne.com\/#\/schema\/logo\/image\/","url":"http:\/\/lesdouceursdesuzanne.com\/wp-content\/uploads\/2023\/01\/Asset-1@2x.png","contentUrl":"http:\/\/lesdouceursdesuzanne.com\/wp-content\/uploads\/2023\/01\/Asset-1@2x.png","width":577,"height":577,"caption":"Les Douceurs de Suzanne"},"image":{"@id":"https:\/\/lesdouceursdesuzanne.com\/#\/schema\/logo\/image\/"},"sameAs":["https:\/\/www.facebook.com\/lesdouceursdesuzanne\/?locale=fr_FR","https:\/\/twitter.com\/douceur_suzanne","https:\/\/www.linkedin.com\/company\/douceurs-de-suzanne\/","https:\/\/www.instagram.com\/douceur_suzanne\/?hl=en"]}]}},"_links":{"self":[{"href":"http:\/\/lesdouceursdesuzanne.com\/en\/wp-json\/wp\/v2\/pages\/5959","targetHints":{"allow":["GET"]}}],"collection":[{"href":"http:\/\/lesdouceursdesuzanne.com\/en\/wp-json\/wp\/v2\/pages"}],"about":[{"href":"http:\/\/lesdouceursdesuzanne.com\/en\/wp-json\/wp\/v2\/types\/page"}],"author":[{"embeddable":true,"href":"http:\/\/lesdouceursdesuzanne.com\/en\/wp-json\/wp\/v2\/users\/1"}],"replies":[{"embeddable":true,"href":"http:\/\/lesdouceursdesuzanne.com\/en\/wp-json\/wp\/v2\/comments?post=5959"}],"version-history":[{"count":10,"href":"http:\/\/lesdouceursdesuzanne.com\/en\/wp-json\/wp\/v2\/pages\/5959\/revisions"}],"predecessor-version":[{"id":6660,"href":"http:\/\/lesdouceursdesuzanne.com\/en\/wp-json\/wp\/v2\/pages\/5959\/revisions\/6660"}],"wp:attachment":[{"href":"http:\/\/lesdouceursdesuzanne.com\/en\/wp-json\/wp\/v2\/media?parent=5959"}],"curies":[{"name":"wp","href":"https:\/\/api.w.org\/{rel}","templated":true}]}}