{"id":5856,"date":"2015-10-08T07:05:28","date_gmt":"2015-10-08T07:05:28","guid":{"rendered":"http:\/\/demo.goodlayers.com\/greennature\/?page_id=5856"},"modified":"2023-03-14T09:43:47","modified_gmt":"2023-03-14T09:43:47","slug":"suzanne","status":"publish","type":"page","link":"http:\/\/lesdouceursdesuzanne.com\/en\/suzanne\/","title":{"rendered":"Suzanne | Les Douceurs de Suzanne"},"content":{"rendered":"","protected":false},"excerpt":{"rendered":"","protected":false},"author":1,"featured_media":0,"parent":0,"menu_order":0,"comment_status":"closed","ping_status":"closed","template":"","meta":{"_joinchat":[],"footnotes":""},"class_list":["post-5856","page","type-page","status-publish","hentry"],"yoast_head":"<!-- This site is optimized with the Yoast SEO plugin v20.1 - https:\/\/yoast.com\/wordpress\/plugins\/seo\/ -->\n<title>Suzanne | Les Douceurs de Suzanne<\/title>\n<meta name=\"description\" content=\"D\u00e9couvrez l&#039;histoire de Suzanne, notre fondatrice et ma\u00eetre chocolatier, qui est devenue une r\u00e9f\u00e9rence dans l&#039;industrie du chocolat en C\u00f4te d&#039;Ivoire.\" \/>\n<meta name=\"robots\" content=\"index, follow, max-snippet:-1, max-image-preview:large, max-video-preview:-1\" \/>\n<link rel=\"canonical\" href=\"http:\/\/lesdouceursdesuzanne.com\/en\/suzanne\/\" \/>\n<meta property=\"og:locale\" content=\"en_US\" \/>\n<meta property=\"og:type\" content=\"article\" \/>\n<meta property=\"og:title\" content=\"Suzanne | Les Douceurs de Suzanne\" \/>\n<meta property=\"og:url\" content=\"http:\/\/lesdouceursdesuzanne.com\/en\/suzanne\/\" \/>\n<meta property=\"og:site_name\" content=\"Les Douceurs de Suzanne\" \/>\n<meta property=\"article:publisher\" content=\"https:\/\/www.facebook.com\/lesdouceursdesuzanne\/?locale=fr_FR\" \/>\n<meta property=\"article:modified_time\" content=\"2023-03-14T09:43:47+00:00\" \/>\n<meta property=\"og:image\" content=\"https:\/\/lesdouceursdesuzanne.com\/wp-content\/uploads\/2023\/01\/A05I8480-1-1.jpg\" \/>\n\t<meta property=\"og:image:width\" content=\"730\" \/>\n\t<meta property=\"og:image:height\" content=\"579\" \/>\n\t<meta property=\"og:image:type\" content=\"image\/jpeg\" \/>\n<meta name=\"twitter:card\" content=\"summary_large_image\" \/>\n<meta name=\"twitter:title\" content=\"Suzanne | Les Douceurs de Suzanne\" \/>\n<meta name=\"twitter:image\" content=\"http:\/\/lesdouceursdesuzanne.com\/wp-content\/uploads\/2023\/01\/A05I8480-1-1.jpg\" \/>\n<meta name=\"twitter:site\" content=\"@douceur_suzanne\" \/>\n<script type=\"application\/ld+json\" class=\"yoast-schema-graph\">{\"@context\":\"https:\/\/schema.org\",\"@graph\":[{\"@type\":\"Article\",\"@id\":\"https:\/\/lesdouceursdesuzanne.com\/suzanne\/#article\",\"isPartOf\":{\"@id\":\"https:\/\/lesdouceursdesuzanne.com\/suzanne\/\"},\"author\":{\"name\":\"mbarakat\",\"@id\":\"https:\/\/lesdouceursdesuzanne.com\/#\/schema\/person\/87f32e640640f2914a114fc3422b18db\"},\"headline\":\"Suzanne | Les Douceurs de Suzanne\",\"datePublished\":\"2015-10-08T07:05:28+00:00\",\"dateModified\":\"2023-03-14T09:43:47+00:00\",\"mainEntityOfPage\":{\"@id\":\"https:\/\/lesdouceursdesuzanne.com\/suzanne\/\"},\"wordCount\":5,\"publisher\":{\"@id\":\"https:\/\/lesdouceursdesuzanne.com\/#organization\"},\"inLanguage\":\"en-US\"},{\"@type\":[\"WebPage\",\"AboutPage\"],\"@id\":\"https:\/\/lesdouceursdesuzanne.com\/suzanne\/\",\"url\":\"https:\/\/lesdouceursdesuzanne.com\/suzanne\/\",\"name\":\"Suzanne | Les Douceurs de Suzanne\",\"isPartOf\":{\"@id\":\"https:\/\/lesdouceursdesuzanne.com\/#website\"},\"datePublished\":\"2015-10-08T07:05:28+00:00\",\"dateModified\":\"2023-03-14T09:43:47+00:00\",\"description\":\"D\u00e9couvrez l'histoire de Suzanne, notre fondatrice et ma\u00eetre chocolatier, qui est devenue une r\u00e9f\u00e9rence dans l'industrie du chocolat en C\u00f4te d'Ivoire.\",\"breadcrumb\":{\"@id\":\"https:\/\/lesdouceursdesuzanne.com\/suzanne\/#breadcrumb\"},\"inLanguage\":\"en-US\",\"potentialAction\":[{\"@type\":\"ReadAction\",\"target\":[\"https:\/\/lesdouceursdesuzanne.com\/suzanne\/\"]}]},{\"@type\":\"BreadcrumbList\",\"@id\":\"https:\/\/lesdouceursdesuzanne.com\/suzanne\/#breadcrumb\",\"itemListElement\":[{\"@type\":\"ListItem\",\"position\":1,\"name\":\"Home\",\"item\":\"http:\/\/lesdouceursdesuzanne.com\/en\/\"},{\"@type\":\"ListItem\",\"position\":2,\"name\":\"Suzanne | Les Douceurs de Suzanne\"}]},{\"@type\":\"WebSite\",\"@id\":\"https:\/\/lesdouceursdesuzanne.com\/#website\",\"url\":\"https:\/\/lesdouceursdesuzanne.com\/\",\"name\":\"Les Douceurs de Suzanne\",\"description\":\"Des d\u00e9lices chocolat\u00e9s artisanaux pour un meilleur avenir\",\"publisher\":{\"@id\":\"https:\/\/lesdouceursdesuzanne.com\/#organization\"},\"potentialAction\":[{\"@type\":\"SearchAction\",\"target\":{\"@type\":\"EntryPoint\",\"urlTemplate\":\"https:\/\/lesdouceursdesuzanne.com\/?s={search_term_string}\"},\"query-input\":\"required name=search_term_string\"}],\"inLanguage\":\"en-US\"},{\"@type\":\"Organization\",\"@id\":\"https:\/\/lesdouceursdesuzanne.com\/#organization\",\"name\":\"Les Douceurs de Suzanne\",\"url\":\"https:\/\/lesdouceursdesuzanne.com\/\",\"logo\":{\"@type\":\"ImageObject\",\"inLanguage\":\"en-US\",\"@id\":\"https:\/\/lesdouceursdesuzanne.com\/#\/schema\/logo\/image\/\",\"url\":\"http:\/\/lesdouceursdesuzanne.com\/wp-content\/uploads\/2023\/01\/Asset-1@2x.png\",\"contentUrl\":\"http:\/\/lesdouceursdesuzanne.com\/wp-content\/uploads\/2023\/01\/Asset-1@2x.png\",\"width\":577,\"height\":577,\"caption\":\"Les Douceurs de Suzanne\"},\"image\":{\"@id\":\"https:\/\/lesdouceursdesuzanne.com\/#\/schema\/logo\/image\/\"},\"sameAs\":[\"https:\/\/www.facebook.com\/lesdouceursdesuzanne\/?locale=fr_FR\",\"https:\/\/twitter.com\/douceur_suzanne\",\"https:\/\/www.linkedin.com\/company\/douceurs-de-suzanne\/\",\"https:\/\/www.instagram.com\/douceur_suzanne\/?hl=en\"]},{\"@type\":\"Person\",\"@id\":\"https:\/\/lesdouceursdesuzanne.com\/#\/schema\/person\/87f32e640640f2914a114fc3422b18db\",\"name\":\"mbarakat\",\"image\":{\"@type\":\"ImageObject\",\"inLanguage\":\"en-US\",\"@id\":\"https:\/\/lesdouceursdesuzanne.com\/#\/schema\/person\/image\/\",\"url\":\"https:\/\/secure.gravatar.com\/avatar\/3aee8f7020914c730d34e8cf9c3f0a51a3288cfea03148a91996959a59e2ac0e?s=96&d=mm&r=g\",\"contentUrl\":\"https:\/\/secure.gravatar.com\/avatar\/3aee8f7020914c730d34e8cf9c3f0a51a3288cfea03148a91996959a59e2ac0e?s=96&d=mm&r=g\",\"caption\":\"mbarakat\"},\"sameAs\":[\"http:\/\/lesdouceursdesuzanne.com\"],\"url\":\"http:\/\/lesdouceursdesuzanne.com\/en\/author\/mbarakat\/\"}]}<\/script>\n<!-- \/ Yoast SEO plugin. -->","yoast_head_json":{"title":"Suzanne | Les Douceurs de Suzanne","description":"D\u00e9couvrez l'histoire de Suzanne, notre fondatrice et ma\u00eetre chocolatier, qui est devenue une r\u00e9f\u00e9rence dans l'industrie du chocolat en C\u00f4te d'Ivoire.","robots":{"index":"index","follow":"follow","max-snippet":"max-snippet:-1","max-image-preview":"max-image-preview:large","max-video-preview":"max-video-preview:-1"},"canonical":"http:\/\/lesdouceursdesuzanne.com\/en\/suzanne\/","og_locale":"en_US","og_type":"article","og_title":"Suzanne | Les Douceurs de Suzanne","og_url":"http:\/\/lesdouceursdesuzanne.com\/en\/suzanne\/","og_site_name":"Les Douceurs de Suzanne","article_publisher":"https:\/\/www.facebook.com\/lesdouceursdesuzanne\/?locale=fr_FR","article_modified_time":"2023-03-14T09:43:47+00:00","og_image":[{"width":730,"height":579,"url":"https:\/\/lesdouceursdesuzanne.com\/wp-content\/uploads\/2023\/01\/A05I8480-1-1.jpg","type":"image\/jpeg"}],"twitter_card":"summary_large_image","twitter_title":"Suzanne | Les Douceurs de Suzanne","twitter_image":"http:\/\/lesdouceursdesuzanne.com\/wp-content\/uploads\/2023\/01\/A05I8480-1-1.jpg","twitter_site":"@douceur_suzanne","schema":{"@context":"https:\/\/schema.org","@graph":[{"@type":"Article","@id":"https:\/\/lesdouceursdesuzanne.com\/suzanne\/#article","isPartOf":{"@id":"https:\/\/lesdouceursdesuzanne.com\/suzanne\/"},"author":{"name":"mbarakat","@id":"https:\/\/lesdouceursdesuzanne.com\/#\/schema\/person\/87f32e640640f2914a114fc3422b18db"},"headline":"Suzanne | Les Douceurs de Suzanne","datePublished":"2015-10-08T07:05:28+00:00","dateModified":"2023-03-14T09:43:47+00:00","mainEntityOfPage":{"@id":"https:\/\/lesdouceursdesuzanne.com\/suzanne\/"},"wordCount":5,"publisher":{"@id":"https:\/\/lesdouceursdesuzanne.com\/#organization"},"inLanguage":"en-US"},{"@type":["WebPage","AboutPage"],"@id":"https:\/\/lesdouceursdesuzanne.com\/suzanne\/","url":"https:\/\/lesdouceursdesuzanne.com\/suzanne\/","name":"Suzanne | Les Douceurs de Suzanne","isPartOf":{"@id":"https:\/\/lesdouceursdesuzanne.com\/#website"},"datePublished":"2015-10-08T07:05:28+00:00","dateModified":"2023-03-14T09:43:47+00:00","description":"D\u00e9couvrez l'histoire de Suzanne, notre fondatrice et ma\u00eetre chocolatier, qui est devenue une r\u00e9f\u00e9rence dans l'industrie du chocolat en C\u00f4te d'Ivoire.","breadcrumb":{"@id":"https:\/\/lesdouceursdesuzanne.com\/suzanne\/#breadcrumb"},"inLanguage":"en-US","potentialAction":[{"@type":"ReadAction","target":["https:\/\/lesdouceursdesuzanne.com\/suzanne\/"]}]},{"@type":"BreadcrumbList","@id":"https:\/\/lesdouceursdesuzanne.com\/suzanne\/#breadcrumb","itemListElement":[{"@type":"ListItem","position":1,"name":"Home","item":"http:\/\/lesdouceursdesuzanne.com\/en\/"},{"@type":"ListItem","position":2,"name":"Suzanne | Les Douceurs de Suzanne"}]},{"@type":"WebSite","@id":"https:\/\/lesdouceursdesuzanne.com\/#website","url":"https:\/\/lesdouceursdesuzanne.com\/","name":"Les Douceurs de Suzanne","description":"Des d\u00e9lices chocolat\u00e9s artisanaux pour un meilleur avenir","publisher":{"@id":"https:\/\/lesdouceursdesuzanne.com\/#organization"},"potentialAction":[{"@type":"SearchAction","target":{"@type":"EntryPoint","urlTemplate":"https:\/\/lesdouceursdesuzanne.com\/?s={search_term_string}"},"query-input":"required name=search_term_string"}],"inLanguage":"en-US"},{"@type":"Organization","@id":"https:\/\/lesdouceursdesuzanne.com\/#organization","name":"Les Douceurs de Suzanne","url":"https:\/\/lesdouceursdesuzanne.com\/","logo":{"@type":"ImageObject","inLanguage":"en-US","@id":"https:\/\/lesdouceursdesuzanne.com\/#\/schema\/logo\/image\/","url":"http:\/\/lesdouceursdesuzanne.com\/wp-content\/uploads\/2023\/01\/Asset-1@2x.png","contentUrl":"http:\/\/lesdouceursdesuzanne.com\/wp-content\/uploads\/2023\/01\/Asset-1@2x.png","width":577,"height":577,"caption":"Les Douceurs de Suzanne"},"image":{"@id":"https:\/\/lesdouceursdesuzanne.com\/#\/schema\/logo\/image\/"},"sameAs":["https:\/\/www.facebook.com\/lesdouceursdesuzanne\/?locale=fr_FR","https:\/\/twitter.com\/douceur_suzanne","https:\/\/www.linkedin.com\/company\/douceurs-de-suzanne\/","https:\/\/www.instagram.com\/douceur_suzanne\/?hl=en"]},{"@type":"Person","@id":"https:\/\/lesdouceursdesuzanne.com\/#\/schema\/person\/87f32e640640f2914a114fc3422b18db","name":"mbarakat","image":{"@type":"ImageObject","inLanguage":"en-US","@id":"https:\/\/lesdouceursdesuzanne.com\/#\/schema\/person\/image\/","url":"https:\/\/secure.gravatar.com\/avatar\/3aee8f7020914c730d34e8cf9c3f0a51a3288cfea03148a91996959a59e2ac0e?s=96&d=mm&r=g","contentUrl":"https:\/\/secure.gravatar.com\/avatar\/3aee8f7020914c730d34e8cf9c3f0a51a3288cfea03148a91996959a59e2ac0e?s=96&d=mm&r=g","caption":"mbarakat"},"sameAs":["http:\/\/lesdouceursdesuzanne.com"],"url":"http:\/\/lesdouceursdesuzanne.com\/en\/author\/mbarakat\/"}]}},"_links":{"self":[{"href":"http:\/\/lesdouceursdesuzanne.com\/en\/wp-json\/wp\/v2\/pages\/5856","targetHints":{"allow":["GET"]}}],"collection":[{"href":"http:\/\/lesdouceursdesuzanne.com\/en\/wp-json\/wp\/v2\/pages"}],"about":[{"href":"http:\/\/lesdouceursdesuzanne.com\/en\/wp-json\/wp\/v2\/types\/page"}],"author":[{"embeddable":true,"href":"http:\/\/lesdouceursdesuzanne.com\/en\/wp-json\/wp\/v2\/users\/1"}],"replies":[{"embeddable":true,"href":"http:\/\/lesdouceursdesuzanne.com\/en\/wp-json\/wp\/v2\/comments?post=5856"}],"version-history":[{"count":10,"href":"http:\/\/lesdouceursdesuzanne.com\/en\/wp-json\/wp\/v2\/pages\/5856\/revisions"}],"predecessor-version":[{"id":6629,"href":"http:\/\/lesdouceursdesuzanne.com\/en\/wp-json\/wp\/v2\/pages\/5856\/revisions\/6629"}],"wp:attachment":[{"href":"http:\/\/lesdouceursdesuzanne.com\/en\/wp-json\/wp\/v2\/media?parent=5856"}],"curies":[{"name":"wp","href":"https:\/\/api.w.org\/{rel}","templated":true}]}}