{"id":1629,"date":"2013-12-24T04:31:24","date_gmt":"2013-12-24T04:31:24","guid":{"rendered":"http:\/\/themes.goodlayers2.com\/flawless\/?page_id=1629"},"modified":"2023-04-03T11:39:52","modified_gmt":"2023-04-03T11:39:52","slug":"contactez-nous","status":"publish","type":"page","link":"http:\/\/lesdouceursdesuzanne.com\/en\/contactez-nous\/","title":{"rendered":"Contactez-Nous | Les Douceurs de Suzanne"},"content":{"rendered":"","protected":false},"excerpt":{"rendered":"","protected":false},"author":1,"featured_media":0,"parent":0,"menu_order":0,"comment_status":"closed","ping_status":"open","template":"","meta":{"_joinchat":[],"footnotes":""},"class_list":["post-1629","page","type-page","status-publish","hentry"],"yoast_head":"<!-- This site is optimized with the Yoast SEO plugin v20.1 - https:\/\/yoast.com\/wordpress\/plugins\/seo\/ -->\n<title>Contactez-Nous | Les Douceurs de Suzanne<\/title>\n<meta name=\"description\" content=\"Vous avez des questions, des commentaires ou des pr\u00e9occupations ? N&#039;h\u00e9sitez pas \u00e0 nous contacter en utilisant le formulaire sur notre page de contact our par Whatsapp.\" \/>\n<meta name=\"robots\" content=\"index, follow, max-snippet:-1, max-image-preview:large, max-video-preview:-1\" \/>\n<link rel=\"canonical\" href=\"https:\/\/lesdouceursdesuzanne.com\/en\/contactez-nous\/\" \/>\n<meta property=\"og:locale\" content=\"en_US\" \/>\n<meta property=\"og:type\" content=\"article\" \/>\n<meta property=\"og:title\" content=\"Contactez-Nous | Les Douceurs de Suzanne\" \/>\n<meta property=\"og:url\" content=\"https:\/\/lesdouceursdesuzanne.com\/en\/contactez-nous\/\" \/>\n<meta property=\"og:site_name\" content=\"Les Douceurs de Suzanne\" \/>\n<meta property=\"article:publisher\" content=\"https:\/\/www.facebook.com\/lesdouceursdesuzanne\/?locale=fr_FR\" \/>\n<meta property=\"article:modified_time\" content=\"2023-04-03T11:39:52+00:00\" \/>\n<meta property=\"og:image\" content=\"https:\/\/lesdouceursdesuzanne.com\/wp-content\/uploads\/2023\/01\/Asset-1@2x.png\" \/>\n\t<meta property=\"og:image:width\" content=\"577\" \/>\n\t<meta property=\"og:image:height\" content=\"577\" \/>\n\t<meta property=\"og:image:type\" content=\"image\/png\" \/>\n<meta name=\"twitter:card\" content=\"summary_large_image\" \/>\n<meta name=\"twitter:title\" content=\"Contactez-Nous | Les Douceurs de Suzanne\" \/>\n<meta name=\"twitter:image\" content=\"http:\/\/lesdouceursdesuzanne.com\/wp-content\/uploads\/2023\/01\/Asset-1@2x.png\" \/>\n<meta name=\"twitter:site\" content=\"@douceur_suzanne\" \/>\n<script type=\"application\/ld+json\" class=\"yoast-schema-graph\">{\"@context\":\"https:\/\/schema.org\",\"@graph\":[{\"@type\":[\"WebPage\",\"ContactPage\"],\"@id\":\"https:\/\/lesdouceursdesuzanne.com\/en\/contactez-nous\/\",\"url\":\"https:\/\/lesdouceursdesuzanne.com\/en\/contactez-nous\/\",\"name\":\"Contactez-Nous | Les Douceurs de Suzanne\",\"isPartOf\":{\"@id\":\"https:\/\/lesdouceursdesuzanne.com\/#website\"},\"datePublished\":\"2013-12-24T04:31:24+00:00\",\"dateModified\":\"2023-04-03T11:39:52+00:00\",\"description\":\"Vous avez des questions, des commentaires ou des pr\u00e9occupations ? N'h\u00e9sitez pas \u00e0 nous contacter en utilisant le formulaire sur notre page de contact our par Whatsapp.\",\"breadcrumb\":{\"@id\":\"https:\/\/lesdouceursdesuzanne.com\/en\/contactez-nous\/#breadcrumb\"},\"inLanguage\":\"en-US\",\"potentialAction\":[{\"@type\":\"ReadAction\",\"target\":[\"https:\/\/lesdouceursdesuzanne.com\/en\/contactez-nous\/\"]}]},{\"@type\":\"BreadcrumbList\",\"@id\":\"https:\/\/lesdouceursdesuzanne.com\/en\/contactez-nous\/#breadcrumb\",\"itemListElement\":[{\"@type\":\"ListItem\",\"position\":1,\"name\":\"Home\",\"item\":\"http:\/\/lesdouceursdesuzanne.com\/en\/\"},{\"@type\":\"ListItem\",\"position\":2,\"name\":\"Contactez-Nous | Les Douceurs de Suzanne\"}]},{\"@type\":\"WebSite\",\"@id\":\"https:\/\/lesdouceursdesuzanne.com\/#website\",\"url\":\"https:\/\/lesdouceursdesuzanne.com\/\",\"name\":\"Les Douceurs de Suzanne\",\"description\":\"Des d\u00e9lices chocolat\u00e9s artisanaux pour un meilleur avenir\",\"publisher\":{\"@id\":\"https:\/\/lesdouceursdesuzanne.com\/#organization\"},\"potentialAction\":[{\"@type\":\"SearchAction\",\"target\":{\"@type\":\"EntryPoint\",\"urlTemplate\":\"https:\/\/lesdouceursdesuzanne.com\/?s={search_term_string}\"},\"query-input\":\"required name=search_term_string\"}],\"inLanguage\":\"en-US\"},{\"@type\":\"Organization\",\"@id\":\"https:\/\/lesdouceursdesuzanne.com\/#organization\",\"name\":\"Les Douceurs de Suzanne\",\"url\":\"https:\/\/lesdouceursdesuzanne.com\/\",\"logo\":{\"@type\":\"ImageObject\",\"inLanguage\":\"en-US\",\"@id\":\"https:\/\/lesdouceursdesuzanne.com\/#\/schema\/logo\/image\/\",\"url\":\"http:\/\/lesdouceursdesuzanne.com\/wp-content\/uploads\/2023\/01\/Asset-1@2x.png\",\"contentUrl\":\"http:\/\/lesdouceursdesuzanne.com\/wp-content\/uploads\/2023\/01\/Asset-1@2x.png\",\"width\":577,\"height\":577,\"caption\":\"Les Douceurs de Suzanne\"},\"image\":{\"@id\":\"https:\/\/lesdouceursdesuzanne.com\/#\/schema\/logo\/image\/\"},\"sameAs\":[\"https:\/\/www.facebook.com\/lesdouceursdesuzanne\/?locale=fr_FR\",\"https:\/\/twitter.com\/douceur_suzanne\",\"https:\/\/www.linkedin.com\/company\/douceurs-de-suzanne\/\",\"https:\/\/www.instagram.com\/douceur_suzanne\/?hl=en\"]}]}<\/script>\n<!-- \/ Yoast SEO plugin. -->","yoast_head_json":{"title":"Contactez-Nous | Les Douceurs de Suzanne","description":"Vous avez des questions, des commentaires ou des pr\u00e9occupations ? N'h\u00e9sitez pas \u00e0 nous contacter en utilisant le formulaire sur notre page de contact our par Whatsapp.","robots":{"index":"index","follow":"follow","max-snippet":"max-snippet:-1","max-image-preview":"max-image-preview:large","max-video-preview":"max-video-preview:-1"},"canonical":"https:\/\/lesdouceursdesuzanne.com\/en\/contactez-nous\/","og_locale":"en_US","og_type":"article","og_title":"Contactez-Nous | Les Douceurs de Suzanne","og_url":"https:\/\/lesdouceursdesuzanne.com\/en\/contactez-nous\/","og_site_name":"Les Douceurs de Suzanne","article_publisher":"https:\/\/www.facebook.com\/lesdouceursdesuzanne\/?locale=fr_FR","article_modified_time":"2023-04-03T11:39:52+00:00","og_image":[{"width":577,"height":577,"url":"https:\/\/lesdouceursdesuzanne.com\/wp-content\/uploads\/2023\/01\/Asset-1@2x.png","type":"image\/png"}],"twitter_card":"summary_large_image","twitter_title":"Contactez-Nous | Les Douceurs de Suzanne","twitter_image":"http:\/\/lesdouceursdesuzanne.com\/wp-content\/uploads\/2023\/01\/Asset-1@2x.png","twitter_site":"@douceur_suzanne","schema":{"@context":"https:\/\/schema.org","@graph":[{"@type":["WebPage","ContactPage"],"@id":"https:\/\/lesdouceursdesuzanne.com\/en\/contactez-nous\/","url":"https:\/\/lesdouceursdesuzanne.com\/en\/contactez-nous\/","name":"Contactez-Nous | Les Douceurs de Suzanne","isPartOf":{"@id":"https:\/\/lesdouceursdesuzanne.com\/#website"},"datePublished":"2013-12-24T04:31:24+00:00","dateModified":"2023-04-03T11:39:52+00:00","description":"Vous avez des questions, des commentaires ou des pr\u00e9occupations ? N'h\u00e9sitez pas \u00e0 nous contacter en utilisant le formulaire sur notre page de contact our par Whatsapp.","breadcrumb":{"@id":"https:\/\/lesdouceursdesuzanne.com\/en\/contactez-nous\/#breadcrumb"},"inLanguage":"en-US","potentialAction":[{"@type":"ReadAction","target":["https:\/\/lesdouceursdesuzanne.com\/en\/contactez-nous\/"]}]},{"@type":"BreadcrumbList","@id":"https:\/\/lesdouceursdesuzanne.com\/en\/contactez-nous\/#breadcrumb","itemListElement":[{"@type":"ListItem","position":1,"name":"Home","item":"http:\/\/lesdouceursdesuzanne.com\/en\/"},{"@type":"ListItem","position":2,"name":"Contactez-Nous | Les Douceurs de Suzanne"}]},{"@type":"WebSite","@id":"https:\/\/lesdouceursdesuzanne.com\/#website","url":"https:\/\/lesdouceursdesuzanne.com\/","name":"Les Douceurs de Suzanne","description":"Des d\u00e9lices chocolat\u00e9s artisanaux pour un meilleur avenir","publisher":{"@id":"https:\/\/lesdouceursdesuzanne.com\/#organization"},"potentialAction":[{"@type":"SearchAction","target":{"@type":"EntryPoint","urlTemplate":"https:\/\/lesdouceursdesuzanne.com\/?s={search_term_string}"},"query-input":"required name=search_term_string"}],"inLanguage":"en-US"},{"@type":"Organization","@id":"https:\/\/lesdouceursdesuzanne.com\/#organization","name":"Les Douceurs de Suzanne","url":"https:\/\/lesdouceursdesuzanne.com\/","logo":{"@type":"ImageObject","inLanguage":"en-US","@id":"https:\/\/lesdouceursdesuzanne.com\/#\/schema\/logo\/image\/","url":"http:\/\/lesdouceursdesuzanne.com\/wp-content\/uploads\/2023\/01\/Asset-1@2x.png","contentUrl":"http:\/\/lesdouceursdesuzanne.com\/wp-content\/uploads\/2023\/01\/Asset-1@2x.png","width":577,"height":577,"caption":"Les Douceurs de Suzanne"},"image":{"@id":"https:\/\/lesdouceursdesuzanne.com\/#\/schema\/logo\/image\/"},"sameAs":["https:\/\/www.facebook.com\/lesdouceursdesuzanne\/?locale=fr_FR","https:\/\/twitter.com\/douceur_suzanne","https:\/\/www.linkedin.com\/company\/douceurs-de-suzanne\/","https:\/\/www.instagram.com\/douceur_suzanne\/?hl=en"]}]}},"_links":{"self":[{"href":"http:\/\/lesdouceursdesuzanne.com\/en\/wp-json\/wp\/v2\/pages\/1629","targetHints":{"allow":["GET"]}}],"collection":[{"href":"http:\/\/lesdouceursdesuzanne.com\/en\/wp-json\/wp\/v2\/pages"}],"about":[{"href":"http:\/\/lesdouceursdesuzanne.com\/en\/wp-json\/wp\/v2\/types\/page"}],"author":[{"embeddable":true,"href":"http:\/\/lesdouceursdesuzanne.com\/en\/wp-json\/wp\/v2\/users\/1"}],"replies":[{"embeddable":true,"href":"http:\/\/lesdouceursdesuzanne.com\/en\/wp-json\/wp\/v2\/comments?post=1629"}],"version-history":[{"count":10,"href":"http:\/\/lesdouceursdesuzanne.com\/en\/wp-json\/wp\/v2\/pages\/1629\/revisions"}],"predecessor-version":[{"id":6648,"href":"http:\/\/lesdouceursdesuzanne.com\/en\/wp-json\/wp\/v2\/pages\/1629\/revisions\/6648"}],"wp:attachment":[{"href":"http:\/\/lesdouceursdesuzanne.com\/en\/wp-json\/wp\/v2\/media?parent=1629"}],"curies":[{"name":"wp","href":"https:\/\/api.w.org\/{rel}","templated":true}]}}